{"id":9947,"date":"2025-05-21T20:52:16","date_gmt":"2025-05-21T20:52:16","guid":{"rendered":"https:\/\/fincalecumberri.com.ar\/minorista\/?post_type=product&#038;p=9947"},"modified":"2026-03-11T19:58:17","modified_gmt":"2026-03-11T19:58:17","slug":"arma-tu-combo-6u-x-500cm%c2%b3","status":"publish","type":"product","link":"https:\/\/fincalecumberri.com.ar\/minorista\/producto\/arma-tu-combo-6u-x-500cm%c2%b3\/","title":{"rendered":"Arm\u00e1 tu Combo - 6u x 500cm\u00b3"},"content":{"rendered":"<p>Eleg\u00ed los que m\u00e1s te gusten y arm\u00e1 el combo ideal para vos<\/p>\n","protected":false},"excerpt":{"rendered":"<p>Eleg\u00ed los que m\u00e1s te gusten y arm\u00e1 el combo ideal para vos<\/p>\n","protected":false},"featured_media":10165,"template":"","meta":{"_acf_changed":false,"_seopress_robots_primary_cat":"none","_seopress_titles_title":"","_seopress_titles_desc":"","_seopress_robots_index":"","inline_featured_image":false},"product_brand":[],"product_cat":[81],"class_list":{"0":"post-9947","1":"product","2":"type-product","3":"status-publish","4":"has-post-thumbnail","6":"product_cat-arma-tu-combo","8":"first","9":"instock","10":"shipping-taxable","11":"purchasable","12":"product-type-composite"},"acf":[],"_links":{"self":[{"href":"https:\/\/fincalecumberri.com.ar\/minorista\/wp-json\/wp\/v2\/product\/9947","targetHints":{"allow":["GET"]}}],"collection":[{"href":"https:\/\/fincalecumberri.com.ar\/minorista\/wp-json\/wp\/v2\/product"}],"about":[{"href":"https:\/\/fincalecumberri.com.ar\/minorista\/wp-json\/wp\/v2\/types\/product"}],"wp:featuredmedia":[{"embeddable":true,"href":"https:\/\/fincalecumberri.com.ar\/minorista\/wp-json\/wp\/v2\/media\/10165"}],"wp:attachment":[{"href":"https:\/\/fincalecumberri.com.ar\/minorista\/wp-json\/wp\/v2\/media?parent=9947"}],"wp:term":[{"taxonomy":"product_brand","embeddable":true,"href":"https:\/\/fincalecumberri.com.ar\/minorista\/wp-json\/wp\/v2\/product_brand?post=9947"},{"taxonomy":"product_cat","embeddable":true,"href":"https:\/\/fincalecumberri.com.ar\/minorista\/wp-json\/wp\/v2\/product_cat?post=9947"}],"curies":[{"name":"wp","href":"https:\/\/api.w.org\/{rel}","templated":true}]}}