{"id":9948,"date":"2025-05-21T21:12:57","date_gmt":"2025-05-21T21:12:57","guid":{"rendered":"https:\/\/fincalecumberri.com.ar\/minorista\/?post_type=product&#038;p=9948"},"modified":"2026-04-02T14:36:44","modified_gmt":"2026-04-02T14:36:44","slug":"arma-tu-combo-caja-12u-frasco-chico","status":"publish","type":"product","link":"https:\/\/fincalecumberri.com.ar\/minorista\/producto\/arma-tu-combo-caja-12u-frasco-chico\/","title":{"rendered":"Arm\u00e1 tu Combo - CAJA 12u Frasco Chico"},"content":{"rendered":"<p>Eleg\u00ed los que m\u00e1s te gusten y arm\u00e1 el combo ideal para vos<\/p>\n","protected":false},"excerpt":{"rendered":"<p>Eleg\u00ed los que m\u00e1s te gusten y arm\u00e1 el combo ideal para vos<\/p>\n","protected":false},"featured_media":10166,"template":"","meta":{"_acf_changed":false,"_seopress_robots_primary_cat":"none","_seopress_titles_title":"","_seopress_titles_desc":"","_seopress_robots_index":"","inline_featured_image":false},"product_brand":[],"product_cat":[81,109],"class_list":{"0":"post-9948","1":"product","2":"type-product","3":"status-publish","4":"has-post-thumbnail","6":"product_cat-arma-tu-combo","7":"product_cat-sin-tacc","9":"first","10":"instock","11":"shipping-taxable","12":"purchasable","13":"product-type-composite"},"acf":[],"_links":{"self":[{"href":"https:\/\/fincalecumberri.com.ar\/minorista\/wp-json\/wp\/v2\/product\/9948","targetHints":{"allow":["GET"]}}],"collection":[{"href":"https:\/\/fincalecumberri.com.ar\/minorista\/wp-json\/wp\/v2\/product"}],"about":[{"href":"https:\/\/fincalecumberri.com.ar\/minorista\/wp-json\/wp\/v2\/types\/product"}],"wp:featuredmedia":[{"embeddable":true,"href":"https:\/\/fincalecumberri.com.ar\/minorista\/wp-json\/wp\/v2\/media\/10166"}],"wp:attachment":[{"href":"https:\/\/fincalecumberri.com.ar\/minorista\/wp-json\/wp\/v2\/media?parent=9948"}],"wp:term":[{"taxonomy":"product_brand","embeddable":true,"href":"https:\/\/fincalecumberri.com.ar\/minorista\/wp-json\/wp\/v2\/product_brand?post=9948"},{"taxonomy":"product_cat","embeddable":true,"href":"https:\/\/fincalecumberri.com.ar\/minorista\/wp-json\/wp\/v2\/product_cat?post=9948"}],"curies":[{"name":"wp","href":"https:\/\/api.w.org\/{rel}","templated":true}]}}